{"id":212,"date":"2022-07-28T11:42:15","date_gmt":"2022-07-28T11:42:15","guid":{"rendered":"http:\/\/jessica.local\/?page_id=212"},"modified":"2026-03-15T04:10:12","modified_gmt":"2026-03-15T03:10:12","slug":"unsere-zeiten","status":"publish","type":"page","link":"https:\/\/www.physiopilates-schaem.de\/?page_id=212","title":{"rendered":"Kurstermine"},"content":{"rendered":"\n<h1>\n\t\t\tKurstermine\t<\/h1>\n<h2>\n\t\t\tOnline \/ Hybrid Pilates-Training\t<\/h2>\n\t<p><strong>Montag<\/strong><\/p>\n<ul>\n<li>09:00 Uhr Fortgeschrittene<\/li>\n<\/ul>\n<p><strong>Donnerstag<\/strong><\/p>\n<ul>\n<li>09:00 Uhr Fortgeschrittene<\/li>\n<\/ul>\n<p><strong>Freitag<\/strong><\/p>\n<ul>\n<li>08:00 Uhr Pilates R\u00fccken<\/li>\n<\/ul>\n\t\t\n\t\t\t<p><strong>5er \/ 10er Karten f\u00fcr Pilates haben eine G\u00fcltigkeit von 3 Monaten ab Kauf.<\/strong><\/p>\t\t\n<h2>\n\t\t\tAnf\u00e4nger Pilates-Pr\u00e4ventionskurs\t<\/h2>\n\t<p><strong>Montag<\/strong><\/p>\n<p>ab dem 30.03.2026 von\u00a0 17:00 &#8211; 18:00 Uhr\u00a0 10x<\/p>\n\t<p><strong>Donnerstag<\/strong><\/p>\n<p>ab dem 02.04.2026 von\u00a0 17:00 &#8211; 18:00 Uhr\u00a0 10x<\/p>\n\t\t\n\t\t\t<p><strong>Kurse werden bis zu 80% von den Krankenkassen bezuschusst!<\/strong><\/p>\t\t\n<h2>\n\t\t\tR\u00fcckbildung f\u00fcr M\u00fctter nach der Geburt\t<\/h2>\n\t<p><strong>Dienstag<\/strong><\/p>\n<p>ab dem 31.03.2026 von\u00a0 10:00 &#8211; 11:00 Uhr\u00a0 10x<\/p>\n\t\t\n\t\t\t<p><strong>Bitte besorgen Sie sich ein <em>Krankenkassenrezept<\/em> von Ihrem Frauenarzt \u00fcber 10x R\u00fcckbildungsgymnastik, bitte denken Sie an Ihre Krankenkassenkarte.<br \/><\/strong><\/p>\t\t\n<h4>\n\t\t\tSie Wissen nicht was von der Krankenkasse bezahlt wird?\t<\/h4>\n\t\t\t<a href=\"https:\/\/www.physiopilates-schaem.de\/?page_id=156\" target=\"_self\">\n\t\t\t\t\t\t\tMehr Infos\n\t\t\t<\/a>\n<h1>\n\t\t\tBrauchen sie noch n\u00e4here Informationen?\t<\/h1>\n<h3>\n\t\t\tRufen Sie uns unter 04321-9341460 oder unter 0178-1683081 an!\t<\/h3>\n\t\t\t<a href=\"tel:043219341460\" target=\"_self\">\n\t\t\t\t\t\t\tJetzt Anrufen\n\t\t\t<\/a>\n\n","protected":false},"excerpt":{"rendered":"<p>Kurstermine Online \/ Hybrid Pilates-Training Montag 09:00 Uhr Fortgeschrittene Donnerstag 09:00 Uhr Fortgeschrittene Freitag 08:00 Uhr Pilates R\u00fccken 5er \/ 10er Karten f\u00fcr Pilates haben eine G\u00fcltigkeit von 3 Monaten ab Kauf. Anf\u00e4nger Pilates-Pr\u00e4ventionskurs Montag ab dem 30.03.2026 von\u00a0 17:00 &#8211; 18:00 Uhr\u00a0 10x Donnerstag ab dem 02.04.2026 von\u00a0 17:00 &#8211; 18:00 Uhr\u00a0 10x Kurse [&hellip;]<\/p>\n","protected":false},"author":1,"featured_media":0,"parent":0,"menu_order":0,"comment_status":"closed","ping_status":"closed","template":"","meta":{"site-sidebar-layout":"no-sidebar","site-content-layout":"page-builder","ast-site-content-layout":"default","site-content-style":"default","site-sidebar-style":"default","ast-global-header-display":"","ast-banner-title-visibility":"","ast-main-header-display":"","ast-hfb-above-header-display":"","ast-hfb-below-header-display":"","ast-hfb-mobile-header-display":"","site-post-title":"disabled","ast-breadcrumbs-content":"","ast-featured-img":"disabled","footer-sml-layout":"","theme-transparent-header-meta":"","adv-header-id-meta":"","stick-header-meta":"","header-above-stick-meta":"","header-main-stick-meta":"","header-below-stick-meta":"","astra-migrate-meta-layouts":"default","ast-page-background-enabled":"default","ast-page-background-meta":{"desktop":{"background-color":"var(--ast-global-color-4)","background-image":"","background-repeat":"repeat","background-position":"center center","background-size":"auto","background-attachment":"scroll","background-type":"","background-media":"","overlay-type":"","overlay-color":"","overlay-opacity":"","overlay-gradient":""},"tablet":{"background-color":"","background-image":"","background-repeat":"repeat","background-position":"center center","background-size":"auto","background-attachment":"scroll","background-type":"","background-media":"","overlay-type":"","overlay-color":"","overlay-opacity":"","overlay-gradient":""},"mobile":{"background-color":"","background-image":"","background-repeat":"repeat","background-position":"center center","background-size":"auto","background-attachment":"scroll","background-type":"","background-media":"","overlay-type":"","overlay-color":"","overlay-opacity":"","overlay-gradient":""}},"ast-content-background-meta":{"desktop":{"background-color":"var(--ast-global-color-5)","background-image":"","background-repeat":"repeat","background-position":"center center","background-size":"auto","background-attachment":"scroll","background-type":"","background-media":"","overlay-type":"","overlay-color":"","overlay-opacity":"","overlay-gradient":""},"tablet":{"background-color":"var(--ast-global-color-5)","background-image":"","background-repeat":"repeat","background-position":"center center","background-size":"auto","background-attachment":"scroll","background-type":"","background-media":"","overlay-type":"","overlay-color":"","overlay-opacity":"","overlay-gradient":""},"mobile":{"background-color":"var(--ast-global-color-5)","background-image":"","background-repeat":"repeat","background-position":"center center","background-size":"auto","background-attachment":"scroll","background-type":"","background-media":"","overlay-type":"","overlay-color":"","overlay-opacity":"","overlay-gradient":""}},"footnotes":""},"class_list":["post-212","page","type-page","status-publish","hentry"],"yoast_head":"<!-- This site is optimized with the Yoast SEO plugin v25.6 - https:\/\/yoast.com\/wordpress\/plugins\/seo\/ -->\n<title>Kurstermine - Praxis f\u00fcr Physiotherapie | Pilates - Neum\u00fcnster<\/title>\n<meta name=\"description\" content=\"Praxis f\u00fcr Physiotherapie | Pilates Kurstermine - Hier finden Sie alle Zeiten von unseren Kursen.\" \/>\n<meta name=\"robots\" content=\"index, follow, max-snippet:-1, max-image-preview:large, max-video-preview:-1\" \/>\n<link rel=\"canonical\" href=\"https:\/\/www.physiopilates-schaem.de\/?page_id=212\" \/>\n<meta property=\"og:locale\" content=\"de_DE\" \/>\n<meta property=\"og:type\" content=\"article\" \/>\n<meta property=\"og:title\" content=\"Kurstermine - Praxis f\u00fcr Physiotherapie | Pilates - Neum\u00fcnster\" \/>\n<meta property=\"og:description\" content=\"Praxis f\u00fcr Physiotherapie | Pilates Kurstermine - Hier finden Sie alle Zeiten von unseren Kursen.\" \/>\n<meta property=\"og:url\" content=\"https:\/\/www.physiopilates-schaem.de\/?page_id=212\" \/>\n<meta property=\"og:site_name\" content=\"Praxis f\u00fcr Physiotherapie | Pilates\" \/>\n<meta property=\"article:modified_time\" content=\"2026-03-15T03:10:12+00:00\" \/>\n<meta name=\"twitter:card\" content=\"summary_large_image\" \/>\n<meta name=\"twitter:label1\" content=\"Gesch\u00e4tzte Lesezeit\" \/>\n\t<meta name=\"twitter:data1\" content=\"1\u00a0Minute\" \/>\n<script type=\"application\/ld+json\" class=\"yoast-schema-graph\">{\"@context\":\"https:\/\/schema.org\",\"@graph\":[{\"@type\":\"WebPage\",\"@id\":\"https:\/\/www.physiopilates-schaem.de\/?page_id=212\",\"url\":\"https:\/\/www.physiopilates-schaem.de\/?page_id=212\",\"name\":\"Kurstermine - Praxis f\u00fcr Physiotherapie | Pilates - Neum\u00fcnster\",\"isPartOf\":{\"@id\":\"https:\/\/www.physiopilates-schaem.de\/#website\"},\"datePublished\":\"2022-07-28T11:42:15+00:00\",\"dateModified\":\"2026-03-15T03:10:12+00:00\",\"description\":\"Praxis f\u00fcr Physiotherapie | Pilates Kurstermine - Hier finden Sie alle Zeiten von unseren Kursen.\",\"breadcrumb\":{\"@id\":\"https:\/\/www.physiopilates-schaem.de\/?page_id=212#breadcrumb\"},\"inLanguage\":\"de\",\"potentialAction\":[{\"@type\":\"ReadAction\",\"target\":[\"https:\/\/www.physiopilates-schaem.de\/?page_id=212\"]}]},{\"@type\":\"BreadcrumbList\",\"@id\":\"https:\/\/www.physiopilates-schaem.de\/?page_id=212#breadcrumb\",\"itemListElement\":[{\"@type\":\"ListItem\",\"position\":1,\"name\":\"Startseite\",\"item\":\"https:\/\/www.physiopilates-schaem.de\/\"},{\"@type\":\"ListItem\",\"position\":2,\"name\":\"Kurstermine\"}]},{\"@type\":\"WebSite\",\"@id\":\"https:\/\/www.physiopilates-schaem.de\/#website\",\"url\":\"https:\/\/www.physiopilates-schaem.de\/\",\"name\":\"Praxis f\u00fcr Physiotherapie | Pilates\",\"description\":\"Wir sorgen f\u00fcr eine h\u00f6here Lebensqualit\u00e4t!\",\"publisher\":{\"@id\":\"https:\/\/www.physiopilates-schaem.de\/#\/schema\/person\/62f0d2a3ed7a448b61b43b1ea44f8475\"},\"potentialAction\":[{\"@type\":\"SearchAction\",\"target\":{\"@type\":\"EntryPoint\",\"urlTemplate\":\"https:\/\/www.physiopilates-schaem.de\/?s={search_term_string}\"},\"query-input\":{\"@type\":\"PropertyValueSpecification\",\"valueRequired\":true,\"valueName\":\"search_term_string\"}}],\"inLanguage\":\"de\"},{\"@type\":[\"Person\",\"Organization\"],\"@id\":\"https:\/\/www.physiopilates-schaem.de\/#\/schema\/person\/62f0d2a3ed7a448b61b43b1ea44f8475\",\"name\":\"Jessica Sch\u00e4m\",\"image\":{\"@type\":\"ImageObject\",\"inLanguage\":\"de\",\"@id\":\"https:\/\/www.physiopilates-schaem.de\/#\/schema\/person\/image\/\",\"url\":\"https:\/\/www.physiopilates-schaem.de\/wp-content\/uploads\/2022\/08\/jessica-060822-047-2-scaled.jpg\",\"contentUrl\":\"https:\/\/www.physiopilates-schaem.de\/wp-content\/uploads\/2022\/08\/jessica-060822-047-2-scaled.jpg\",\"width\":1922,\"height\":2560,\"caption\":\"Jessica Sch\u00e4m\"},\"logo\":{\"@id\":\"https:\/\/www.physiopilates-schaem.de\/#\/schema\/person\/image\/\"},\"sameAs\":[\"http:\/\/physiopilates-schaem.de\"]}]}<\/script>\n<!-- \/ Yoast SEO plugin. -->","yoast_head_json":{"title":"Kurstermine - Praxis f\u00fcr Physiotherapie | Pilates - Neum\u00fcnster","description":"Praxis f\u00fcr Physiotherapie | Pilates Kurstermine - Hier finden Sie alle Zeiten von unseren Kursen.","robots":{"index":"index","follow":"follow","max-snippet":"max-snippet:-1","max-image-preview":"max-image-preview:large","max-video-preview":"max-video-preview:-1"},"canonical":"https:\/\/www.physiopilates-schaem.de\/?page_id=212","og_locale":"de_DE","og_type":"article","og_title":"Kurstermine - Praxis f\u00fcr Physiotherapie | Pilates - Neum\u00fcnster","og_description":"Praxis f\u00fcr Physiotherapie | Pilates Kurstermine - Hier finden Sie alle Zeiten von unseren Kursen.","og_url":"https:\/\/www.physiopilates-schaem.de\/?page_id=212","og_site_name":"Praxis f\u00fcr Physiotherapie | Pilates","article_modified_time":"2026-03-15T03:10:12+00:00","twitter_card":"summary_large_image","twitter_misc":{"Gesch\u00e4tzte Lesezeit":"1\u00a0Minute"},"schema":{"@context":"https:\/\/schema.org","@graph":[{"@type":"WebPage","@id":"https:\/\/www.physiopilates-schaem.de\/?page_id=212","url":"https:\/\/www.physiopilates-schaem.de\/?page_id=212","name":"Kurstermine - Praxis f\u00fcr Physiotherapie | Pilates - Neum\u00fcnster","isPartOf":{"@id":"https:\/\/www.physiopilates-schaem.de\/#website"},"datePublished":"2022-07-28T11:42:15+00:00","dateModified":"2026-03-15T03:10:12+00:00","description":"Praxis f\u00fcr Physiotherapie | Pilates Kurstermine - Hier finden Sie alle Zeiten von unseren Kursen.","breadcrumb":{"@id":"https:\/\/www.physiopilates-schaem.de\/?page_id=212#breadcrumb"},"inLanguage":"de","potentialAction":[{"@type":"ReadAction","target":["https:\/\/www.physiopilates-schaem.de\/?page_id=212"]}]},{"@type":"BreadcrumbList","@id":"https:\/\/www.physiopilates-schaem.de\/?page_id=212#breadcrumb","itemListElement":[{"@type":"ListItem","position":1,"name":"Startseite","item":"https:\/\/www.physiopilates-schaem.de\/"},{"@type":"ListItem","position":2,"name":"Kurstermine"}]},{"@type":"WebSite","@id":"https:\/\/www.physiopilates-schaem.de\/#website","url":"https:\/\/www.physiopilates-schaem.de\/","name":"Praxis f\u00fcr Physiotherapie | Pilates","description":"Wir sorgen f\u00fcr eine h\u00f6here Lebensqualit\u00e4t!","publisher":{"@id":"https:\/\/www.physiopilates-schaem.de\/#\/schema\/person\/62f0d2a3ed7a448b61b43b1ea44f8475"},"potentialAction":[{"@type":"SearchAction","target":{"@type":"EntryPoint","urlTemplate":"https:\/\/www.physiopilates-schaem.de\/?s={search_term_string}"},"query-input":{"@type":"PropertyValueSpecification","valueRequired":true,"valueName":"search_term_string"}}],"inLanguage":"de"},{"@type":["Person","Organization"],"@id":"https:\/\/www.physiopilates-schaem.de\/#\/schema\/person\/62f0d2a3ed7a448b61b43b1ea44f8475","name":"Jessica Sch\u00e4m","image":{"@type":"ImageObject","inLanguage":"de","@id":"https:\/\/www.physiopilates-schaem.de\/#\/schema\/person\/image\/","url":"https:\/\/www.physiopilates-schaem.de\/wp-content\/uploads\/2022\/08\/jessica-060822-047-2-scaled.jpg","contentUrl":"https:\/\/www.physiopilates-schaem.de\/wp-content\/uploads\/2022\/08\/jessica-060822-047-2-scaled.jpg","width":1922,"height":2560,"caption":"Jessica Sch\u00e4m"},"logo":{"@id":"https:\/\/www.physiopilates-schaem.de\/#\/schema\/person\/image\/"},"sameAs":["http:\/\/physiopilates-schaem.de"]}]}},"_links":{"self":[{"href":"https:\/\/www.physiopilates-schaem.de\/index.php?rest_route=\/wp\/v2\/pages\/212","targetHints":{"allow":["GET"]}}],"collection":[{"href":"https:\/\/www.physiopilates-schaem.de\/index.php?rest_route=\/wp\/v2\/pages"}],"about":[{"href":"https:\/\/www.physiopilates-schaem.de\/index.php?rest_route=\/wp\/v2\/types\/page"}],"author":[{"embeddable":true,"href":"https:\/\/www.physiopilates-schaem.de\/index.php?rest_route=\/wp\/v2\/users\/1"}],"replies":[{"embeddable":true,"href":"https:\/\/www.physiopilates-schaem.de\/index.php?rest_route=%2Fwp%2Fv2%2Fcomments&post=212"}],"version-history":[{"count":53,"href":"https:\/\/www.physiopilates-schaem.de\/index.php?rest_route=\/wp\/v2\/pages\/212\/revisions"}],"predecessor-version":[{"id":657,"href":"https:\/\/www.physiopilates-schaem.de\/index.php?rest_route=\/wp\/v2\/pages\/212\/revisions\/657"}],"wp:attachment":[{"href":"https:\/\/www.physiopilates-schaem.de\/index.php?rest_route=%2Fwp%2Fv2%2Fmedia&parent=212"}],"curies":[{"name":"wp","href":"https:\/\/api.w.org\/{rel}","templated":true}]}}