{"id":231,"date":"2022-07-29T09:58:45","date_gmt":"2022-07-29T07:58:45","guid":{"rendered":"http:\/\/jessica.local\/?page_id=231"},"modified":"2022-08-12T01:31:27","modified_gmt":"2022-08-11T23:31:27","slug":"buchung","status":"publish","type":"page","link":"https:\/\/www.physiopilates-schaem.de\/?page_id=231","title":{"rendered":"Buchung"},"content":{"rendered":"\n<h1 class=\"has-text-align-center wp-block-heading\">Anmeldung per Formular<\/h1>\n\n\n\n<div class=\"wp-block-columns is-layout-flex wp-container-core-columns-is-layout-28f84493 wp-block-columns-is-layout-flex\">\n<div class=\"wp-block-column is-layout-flow wp-block-column-is-layout-flow\" style=\"flex-basis:25%\"><\/div>\n\n\n\n<div class=\"wp-block-column is-layout-flow wp-block-column-is-layout-flow\" style=\"flex-basis:50%\"><div class=\"wpforms-container wpforms-container-full wpforms-block\" id=\"wpforms-145\"><form id=\"wpforms-form-145\" class=\"wpforms-validate wpforms-form wpforms-ajax-form\" data-formid=\"145\" method=\"post\" enctype=\"multipart\/form-data\" action=\"\/index.php?rest_route=%2Fwp%2Fv2%2Fpages%2F231\" data-token=\"3e82a32eea243975809665dfc0371abd\" data-token-time=\"1776034114\"><noscript class=\"wpforms-error-noscript\">Bitte aktiviere JavaScript in deinem Browser, um dieses Formular fertigzustellen.<\/noscript><div class=\"wpforms-field-container\"><div id=\"wpforms-145-field_4-container\" class=\"wpforms-field wpforms-field-name\" data-field-id=\"4\"><label class=\"wpforms-field-label\" for=\"wpforms-145-field_4\">Name <span class=\"wpforms-required-label\">*<\/span><\/label><div class=\"wpforms-field-row wpforms-field-medium\"><div class=\"wpforms-field-row-block wpforms-first wpforms-one-half\"><input type=\"text\" id=\"wpforms-145-field_4\" class=\"wpforms-field-name-first wpforms-field-required\" name=\"wpforms[fields][4][first]\" placeholder=\"Vorname\" required><label for=\"wpforms-145-field_4\" class=\"wpforms-field-sublabel after wpforms-sublabel-hide\">Vorname<\/label><\/div><div class=\"wpforms-field-row-block wpforms-one-half\"><input type=\"text\" id=\"wpforms-145-field_4-last\" class=\"wpforms-field-name-last wpforms-field-required\" name=\"wpforms[fields][4][last]\" placeholder=\"Nachname\" required><label for=\"wpforms-145-field_4-last\" class=\"wpforms-field-sublabel after wpforms-sublabel-hide\">Nachname<\/label><\/div><\/div><\/div><div id=\"wpforms-145-field_5-container\" class=\"wpforms-field wpforms-field-email\" data-field-id=\"5\"><label class=\"wpforms-field-label\" for=\"wpforms-145-field_5\">Email <span class=\"wpforms-required-label\">*<\/span><\/label><input type=\"email\" id=\"wpforms-145-field_5\" class=\"wpforms-field-medium wpforms-field-required\" name=\"wpforms[fields][5]\" spellcheck=\"false\" required><\/div><div id=\"wpforms-145-field_7-container\" class=\"wpforms-field wpforms-field-checkbox\" data-field-id=\"7\"><label class=\"wpforms-field-label\">Angebot <span class=\"wpforms-required-label\">*<\/span><\/label><ul id=\"wpforms-145-field_7\" class=\"wpforms-field-required\" data-choice-limit=\"2\"><li class=\"choice-1 depth-1\"><input type=\"checkbox\" id=\"wpforms-145-field_7_1\" data-rule-check-limit=\"true\" name=\"wpforms[fields][7][]\" value=\"Pilates Anf\u00e4ngerkurs\" required ><label class=\"wpforms-field-label-inline\" for=\"wpforms-145-field_7_1\">Pilates Anf\u00e4ngerkurs<\/label><\/li><li class=\"choice-3 depth-1\"><input type=\"checkbox\" id=\"wpforms-145-field_7_3\" data-rule-check-limit=\"true\" name=\"wpforms[fields][7][]\" value=\"Pilates Einzeltraining\" required ><label class=\"wpforms-field-label-inline\" for=\"wpforms-145-field_7_3\">Pilates Einzeltraining<\/label><\/li><li class=\"choice-2 depth-1\"><input type=\"checkbox\" id=\"wpforms-145-field_7_2\" data-rule-check-limit=\"true\" name=\"wpforms[fields][7][]\" value=\"R\u00fcckbildung f\u00fcr M\u00fctter\" required ><label class=\"wpforms-field-label-inline\" for=\"wpforms-145-field_7_2\">R\u00fcckbildung f\u00fcr M\u00fctter<\/label><\/li><li class=\"choice-4 depth-1\"><input type=\"checkbox\" id=\"wpforms-145-field_7_4\" data-rule-check-limit=\"true\" name=\"wpforms[fields][7][]\" value=\"Baby-Shiatsu\" required ><label class=\"wpforms-field-label-inline\" for=\"wpforms-145-field_7_4\">Baby-Shiatsu<\/label><\/li><li class=\"choice-5 depth-1\"><input type=\"checkbox\" id=\"wpforms-145-field_7_5\" data-rule-check-limit=\"true\" name=\"wpforms[fields][7][]\" value=\"Andere\" required ><label class=\"wpforms-field-label-inline\" for=\"wpforms-145-field_7_5\">Andere<\/label><\/li><\/ul><\/div><div id=\"wpforms-145-field_6-container\" class=\"wpforms-field wpforms-field-textarea\" data-field-id=\"6\"><label class=\"wpforms-field-label\" for=\"wpforms-145-field_6\">Nachricht <span class=\"wpforms-required-label\">*<\/span><\/label><textarea id=\"wpforms-145-field_6\" class=\"wpforms-field-medium wpforms-field-required\" name=\"wpforms[fields][6]\" required><\/textarea><\/div><\/div><!-- .wpforms-field-container --><div class=\"wpforms-submit-container\" ><input type=\"hidden\" name=\"wpforms[id]\" value=\"145\"><input type=\"hidden\" name=\"page_title\" value=\"\"><input type=\"hidden\" name=\"page_url\" value=\"https:\/\/www.physiopilates-schaem.de\/index.php?rest_route=\/wp\/v2\/pages\/231\"><input type=\"hidden\" name=\"url_referer\" value=\"\"><button type=\"submit\" name=\"wpforms[submit]\" id=\"wpforms-submit-145\" class=\"wpforms-submit\" data-alt-text=\"Senden...\" data-submit-text=\"Best\u00e4tigen\" aria-live=\"assertive\" value=\"wpforms-submit\">Best\u00e4tigen<\/button><img loading=\"lazy\" decoding=\"async\" src=\"https:\/\/www.physiopilates-schaem.de\/wp-content\/plugins\/wpforms-lite\/assets\/images\/submit-spin.svg\" class=\"wpforms-submit-spinner\" style=\"display: none;\" width=\"26\" height=\"26\" alt=\"Wird geladen\"><\/div><\/form><\/div>  <!-- .wpforms-container -->\n\n\n<h2 class=\"has-text-align-center wp-block-heading\">Anmeldung per Telefon<\/h2>\n\n\n\n<p>Sie k\u00f6nnen sich entweder per Anruf in der Praxis unter 04321 9341469 telefonisch Anmelden<\/p>\n\n\n\n<p>Oder Sie k\u00f6nnen sich per WhatsApp bei der Nummer 0178 1683081 Anmelden, dazu einfach Name, Nachname, Angebot und n\u00e4here Informationen schreiben.<\/p>\n<\/div>\n\n\n\n<div class=\"wp-block-column is-layout-flow wp-block-column-is-layout-flow\" style=\"flex-basis:25%\"><\/div>\n<\/div>\n","protected":false},"excerpt":{"rendered":"<p>Anmeldung per Formular Anmeldung per Telefon Sie k\u00f6nnen sich entweder per Anruf in der Praxis unter 04321 9341469 telefonisch Anmelden Oder Sie k\u00f6nnen sich per WhatsApp bei der Nummer 0178 1683081 Anmelden, dazu einfach Name, Nachname, Angebot und n\u00e4here Informationen schreiben.<\/p>\n","protected":false},"author":1,"featured_media":0,"parent":30,"menu_order":0,"comment_status":"closed","ping_status":"closed","template":"","meta":{"site-sidebar-layout":"no-sidebar","site-content-layout":"","ast-site-content-layout":"default","site-content-style":"default","site-sidebar-style":"default","ast-global-header-display":"","ast-banner-title-visibility":"","ast-main-header-display":"","ast-hfb-above-header-display":"","ast-hfb-below-header-display":"","ast-hfb-mobile-header-display":"","site-post-title":"disabled","ast-breadcrumbs-content":"","ast-featured-img":"","footer-sml-layout":"","theme-transparent-header-meta":"","adv-header-id-meta":null,"stick-header-meta":null,"header-above-stick-meta":null,"header-main-stick-meta":null,"header-below-stick-meta":null,"astra-migrate-meta-layouts":"default","ast-page-background-enabled":"default","ast-page-background-meta":{"desktop":{"background-color":"var(--ast-global-color-4)","background-image":"","background-repeat":"repeat","background-position":"center center","background-size":"auto","background-attachment":"scroll","background-type":"","background-media":"","overlay-type":"","overlay-color":"","overlay-opacity":"","overlay-gradient":""},"tablet":{"background-color":"","background-image":"","background-repeat":"repeat","background-position":"center center","background-size":"auto","background-attachment":"scroll","background-type":"","background-media":"","overlay-type":"","overlay-color":"","overlay-opacity":"","overlay-gradient":""},"mobile":{"background-color":"","background-image":"","background-repeat":"repeat","background-position":"center center","background-size":"auto","background-attachment":"scroll","background-type":"","background-media":"","overlay-type":"","overlay-color":"","overlay-opacity":"","overlay-gradient":""}},"ast-content-background-meta":{"desktop":{"background-color":"var(--ast-global-color-5)","background-image":"","background-repeat":"repeat","background-position":"center center","background-size":"auto","background-attachment":"scroll","background-type":"","background-media":"","overlay-type":"","overlay-color":"","overlay-opacity":"","overlay-gradient":""},"tablet":{"background-color":"var(--ast-global-color-5)","background-image":"","background-repeat":"repeat","background-position":"center center","background-size":"auto","background-attachment":"scroll","background-type":"","background-media":"","overlay-type":"","overlay-color":"","overlay-opacity":"","overlay-gradient":""},"mobile":{"background-color":"var(--ast-global-color-5)","background-image":"","background-repeat":"repeat","background-position":"center center","background-size":"auto","background-attachment":"scroll","background-type":"","background-media":"","overlay-type":"","overlay-color":"","overlay-opacity":"","overlay-gradient":""}},"footnotes":""},"class_list":["post-231","page","type-page","status-publish","hentry"],"yoast_head":"<!-- This site is optimized with the Yoast SEO plugin v25.6 - https:\/\/yoast.com\/wordpress\/plugins\/seo\/ -->\n<title>Buchung - Praxis f\u00fcr Physiotherapie | Pilates<\/title>\n<meta name=\"robots\" content=\"noindex, nofollow\" \/>\n<meta property=\"og:locale\" content=\"de_DE\" \/>\n<meta property=\"og:type\" content=\"article\" \/>\n<meta property=\"og:title\" content=\"Buchung - Praxis f\u00fcr Physiotherapie | Pilates\" \/>\n<meta property=\"og:description\" content=\"Anmeldung per Formular Anmeldung per Telefon Sie k\u00f6nnen sich entweder per Anruf in der Praxis unter 04321 9341469 telefonisch Anmelden Oder Sie k\u00f6nnen sich per WhatsApp bei der Nummer 0178 1683081 Anmelden, dazu einfach Name, Nachname, Angebot und n\u00e4here Informationen schreiben.\" \/>\n<meta property=\"og:url\" content=\"https:\/\/www.physiopilates-schaem.de\/?page_id=231\" \/>\n<meta property=\"og:site_name\" content=\"Praxis f\u00fcr Physiotherapie | Pilates\" \/>\n<meta property=\"article:modified_time\" content=\"2022-08-11T23:31:27+00:00\" \/>\n<meta name=\"twitter:card\" content=\"summary_large_image\" \/>\n<meta name=\"twitter:label1\" content=\"Gesch\u00e4tzte Lesezeit\" \/>\n\t<meta name=\"twitter:data1\" content=\"1\u00a0Minute\" \/>\n<script type=\"application\/ld+json\" class=\"yoast-schema-graph\">{\"@context\":\"https:\/\/schema.org\",\"@graph\":[{\"@type\":\"WebPage\",\"@id\":\"https:\/\/www.physiopilates-schaem.de\/?page_id=231\",\"url\":\"https:\/\/www.physiopilates-schaem.de\/?page_id=231\",\"name\":\"Buchung - Praxis f\u00fcr Physiotherapie | Pilates\",\"isPartOf\":{\"@id\":\"https:\/\/www.physiopilates-schaem.de\/#website\"},\"datePublished\":\"2022-07-29T07:58:45+00:00\",\"dateModified\":\"2022-08-11T23:31:27+00:00\",\"breadcrumb\":{\"@id\":\"https:\/\/www.physiopilates-schaem.de\/?page_id=231#breadcrumb\"},\"inLanguage\":\"de\",\"potentialAction\":[{\"@type\":\"ReadAction\",\"target\":[\"https:\/\/www.physiopilates-schaem.de\/?page_id=231\"]}]},{\"@type\":\"BreadcrumbList\",\"@id\":\"https:\/\/www.physiopilates-schaem.de\/?page_id=231#breadcrumb\",\"itemListElement\":[{\"@type\":\"ListItem\",\"position\":1,\"name\":\"Startseite\",\"item\":\"https:\/\/www.physiopilates-schaem.de\/\"},{\"@type\":\"ListItem\",\"position\":2,\"name\":\"Home\",\"item\":\"https:\/\/www.physiopilates-schaem.de\/\"},{\"@type\":\"ListItem\",\"position\":3,\"name\":\"Buchung\"}]},{\"@type\":\"WebSite\",\"@id\":\"https:\/\/www.physiopilates-schaem.de\/#website\",\"url\":\"https:\/\/www.physiopilates-schaem.de\/\",\"name\":\"Praxis f\u00fcr Physiotherapie | Pilates\",\"description\":\"Wir sorgen f\u00fcr eine h\u00f6here Lebensqualit\u00e4t!\",\"publisher\":{\"@id\":\"https:\/\/www.physiopilates-schaem.de\/#\/schema\/person\/62f0d2a3ed7a448b61b43b1ea44f8475\"},\"potentialAction\":[{\"@type\":\"SearchAction\",\"target\":{\"@type\":\"EntryPoint\",\"urlTemplate\":\"https:\/\/www.physiopilates-schaem.de\/?s={search_term_string}\"},\"query-input\":{\"@type\":\"PropertyValueSpecification\",\"valueRequired\":true,\"valueName\":\"search_term_string\"}}],\"inLanguage\":\"de\"},{\"@type\":[\"Person\",\"Organization\"],\"@id\":\"https:\/\/www.physiopilates-schaem.de\/#\/schema\/person\/62f0d2a3ed7a448b61b43b1ea44f8475\",\"name\":\"Jessica Sch\u00e4m\",\"image\":{\"@type\":\"ImageObject\",\"inLanguage\":\"de\",\"@id\":\"https:\/\/www.physiopilates-schaem.de\/#\/schema\/person\/image\/\",\"url\":\"https:\/\/www.physiopilates-schaem.de\/wp-content\/uploads\/2022\/08\/jessica-060822-047-2-scaled.jpg\",\"contentUrl\":\"https:\/\/www.physiopilates-schaem.de\/wp-content\/uploads\/2022\/08\/jessica-060822-047-2-scaled.jpg\",\"width\":1922,\"height\":2560,\"caption\":\"Jessica Sch\u00e4m\"},\"logo\":{\"@id\":\"https:\/\/www.physiopilates-schaem.de\/#\/schema\/person\/image\/\"},\"sameAs\":[\"http:\/\/physiopilates-schaem.de\"]}]}<\/script>\n<!-- \/ Yoast SEO plugin. -->","yoast_head_json":{"title":"Buchung - Praxis f\u00fcr Physiotherapie | Pilates","robots":{"index":"noindex","follow":"nofollow"},"og_locale":"de_DE","og_type":"article","og_title":"Buchung - Praxis f\u00fcr Physiotherapie | Pilates","og_description":"Anmeldung per Formular Anmeldung per Telefon Sie k\u00f6nnen sich entweder per Anruf in der Praxis unter 04321 9341469 telefonisch Anmelden Oder Sie k\u00f6nnen sich per WhatsApp bei der Nummer 0178 1683081 Anmelden, dazu einfach Name, Nachname, Angebot und n\u00e4here Informationen schreiben.","og_url":"https:\/\/www.physiopilates-schaem.de\/?page_id=231","og_site_name":"Praxis f\u00fcr Physiotherapie | Pilates","article_modified_time":"2022-08-11T23:31:27+00:00","twitter_card":"summary_large_image","twitter_misc":{"Gesch\u00e4tzte Lesezeit":"1\u00a0Minute"},"schema":{"@context":"https:\/\/schema.org","@graph":[{"@type":"WebPage","@id":"https:\/\/www.physiopilates-schaem.de\/?page_id=231","url":"https:\/\/www.physiopilates-schaem.de\/?page_id=231","name":"Buchung - Praxis f\u00fcr Physiotherapie | Pilates","isPartOf":{"@id":"https:\/\/www.physiopilates-schaem.de\/#website"},"datePublished":"2022-07-29T07:58:45+00:00","dateModified":"2022-08-11T23:31:27+00:00","breadcrumb":{"@id":"https:\/\/www.physiopilates-schaem.de\/?page_id=231#breadcrumb"},"inLanguage":"de","potentialAction":[{"@type":"ReadAction","target":["https:\/\/www.physiopilates-schaem.de\/?page_id=231"]}]},{"@type":"BreadcrumbList","@id":"https:\/\/www.physiopilates-schaem.de\/?page_id=231#breadcrumb","itemListElement":[{"@type":"ListItem","position":1,"name":"Startseite","item":"https:\/\/www.physiopilates-schaem.de\/"},{"@type":"ListItem","position":2,"name":"Home","item":"https:\/\/www.physiopilates-schaem.de\/"},{"@type":"ListItem","position":3,"name":"Buchung"}]},{"@type":"WebSite","@id":"https:\/\/www.physiopilates-schaem.de\/#website","url":"https:\/\/www.physiopilates-schaem.de\/","name":"Praxis f\u00fcr Physiotherapie | Pilates","description":"Wir sorgen f\u00fcr eine h\u00f6here Lebensqualit\u00e4t!","publisher":{"@id":"https:\/\/www.physiopilates-schaem.de\/#\/schema\/person\/62f0d2a3ed7a448b61b43b1ea44f8475"},"potentialAction":[{"@type":"SearchAction","target":{"@type":"EntryPoint","urlTemplate":"https:\/\/www.physiopilates-schaem.de\/?s={search_term_string}"},"query-input":{"@type":"PropertyValueSpecification","valueRequired":true,"valueName":"search_term_string"}}],"inLanguage":"de"},{"@type":["Person","Organization"],"@id":"https:\/\/www.physiopilates-schaem.de\/#\/schema\/person\/62f0d2a3ed7a448b61b43b1ea44f8475","name":"Jessica Sch\u00e4m","image":{"@type":"ImageObject","inLanguage":"de","@id":"https:\/\/www.physiopilates-schaem.de\/#\/schema\/person\/image\/","url":"https:\/\/www.physiopilates-schaem.de\/wp-content\/uploads\/2022\/08\/jessica-060822-047-2-scaled.jpg","contentUrl":"https:\/\/www.physiopilates-schaem.de\/wp-content\/uploads\/2022\/08\/jessica-060822-047-2-scaled.jpg","width":1922,"height":2560,"caption":"Jessica Sch\u00e4m"},"logo":{"@id":"https:\/\/www.physiopilates-schaem.de\/#\/schema\/person\/image\/"},"sameAs":["http:\/\/physiopilates-schaem.de"]}]}},"_links":{"self":[{"href":"https:\/\/www.physiopilates-schaem.de\/index.php?rest_route=\/wp\/v2\/pages\/231","targetHints":{"allow":["GET"]}}],"collection":[{"href":"https:\/\/www.physiopilates-schaem.de\/index.php?rest_route=\/wp\/v2\/pages"}],"about":[{"href":"https:\/\/www.physiopilates-schaem.de\/index.php?rest_route=\/wp\/v2\/types\/page"}],"author":[{"embeddable":true,"href":"https:\/\/www.physiopilates-schaem.de\/index.php?rest_route=\/wp\/v2\/users\/1"}],"replies":[{"embeddable":true,"href":"https:\/\/www.physiopilates-schaem.de\/index.php?rest_route=%2Fwp%2Fv2%2Fcomments&post=231"}],"version-history":[{"count":8,"href":"https:\/\/www.physiopilates-schaem.de\/index.php?rest_route=\/wp\/v2\/pages\/231\/revisions"}],"predecessor-version":[{"id":449,"href":"https:\/\/www.physiopilates-schaem.de\/index.php?rest_route=\/wp\/v2\/pages\/231\/revisions\/449"}],"up":[{"embeddable":true,"href":"https:\/\/www.physiopilates-schaem.de\/index.php?rest_route=\/wp\/v2\/pages\/30"}],"wp:attachment":[{"href":"https:\/\/www.physiopilates-schaem.de\/index.php?rest_route=%2Fwp%2Fv2%2Fmedia&parent=231"}],"curies":[{"name":"wp","href":"https:\/\/api.w.org\/{rel}","templated":true}]}}