{"id":30,"date":"2022-07-02T14:45:32","date_gmt":"2022-07-02T14:45:32","guid":{"rendered":"http:\/\/jessica.local\/?page_id=30"},"modified":"2025-05-19T11:18:02","modified_gmt":"2025-05-19T09:18:02","slug":"start","status":"publish","type":"page","link":"https:\/\/www.physiopilates-schaem.de\/","title":{"rendered":"Home"},"content":{"rendered":"\n<h1>\n\t\tPraxis f\u00fcr Physiotherapie &#038; Pilates\n\t<\/h1>\n\t<p>Wir bringen Sie auf den Weg zu mehr Lebensqualit\u00e4t &#8211; ganzheitlich, individuell und mit Herz!<\/p>\n\t\t\t<a href=\"tel:043219341460\" target=\"_self\">\n\t\t\t\t\t\t\tJetzt Anrufen\n\t\t\t<\/a>\n<h2>\n\t\tVon Mensch zu Mensch\n\t<\/h2>\n\t<p>Wir bieten ein breitgef\u00e4chertes Angebot, um deine Lebensqualit\u00e4t wiederherzustellen und instand zu halten! Dazu kombinieren wir Erkenntnisse westlicher und \u00f6stlicher Medizin mit einer klassischen Krafttrainingsmethode, dem klassischen Pilates. Dar\u00fcber hinaus bieten wir auch Faszientraining und R\u00fcckbildung an, um dein k\u00f6rperliches Wohlbefinden zu f\u00f6rdern und deine Gesundheit zu verbessern.<\/p>\n<h2>\n\t\tWir bieten:\n\t<\/h2>\n\t<!--Card image-->\n\t\t\t\t\t\t\t\t<img decoding=\"async\" src=\"https:\/\/www.physiopilates-schaem.de\/wp-content\/uploads\/2022\/08\/imageedit_4_8635148498.jpg\" alt=\"Physiotherapie\" itemprop=\"image\"  \/>\n\t<!--\/.Card image-->\n\t<!--Card content-->\n\t\t<!--Title-->\n\t\t<h4>Physiotherapie<\/h4>\n\t\t<!--\/.Title-->\t\n\t\t\t<!--Text-->\n\t\t\t<!--\/.Text-->\t\n\t\t\t<!--Link--> \n\t\t\t\t\t<!--\/.Link-->\n\t<!--\/.Card content-->\n\t<!--Card image-->\n\t\t\t\t\t\t\t\t<img decoding=\"async\" src=\"https:\/\/www.physiopilates-schaem.de\/wp-content\/uploads\/2022\/07\/WhatsApp-Image-2022-07-26-at-08.47.05-1536x1152.jpeg\" alt=\"WhatsApp Image 2022-07-26 at 08.47.05\" itemprop=\"image\"  \/>\n\t<!--\/.Card image-->\n\t<!--Card content-->\n\t\t<!--Title-->\n\t\t<h4>Pilates<\/h4>\n\t\t<!--\/.Title-->\t\n\t\t\t<!--Text-->\n\t\t\t<!--\/.Text-->\t\n\t\t\t<!--Link--> \n\t\t\t\t\t<!--\/.Link-->\n\t<!--\/.Card content-->\n\t<!--Card image-->\n\t\t\t\t\t\t\t\t<img decoding=\"async\" src=\"https:\/\/www.physiopilates-schaem.de\/wp-content\/uploads\/2022\/07\/Jess290722-074-1536x1153.jpg\" alt=\"Faszien\" itemprop=\"image\"  \/>\n\t<!--\/.Card image-->\n\t<!--Card content-->\n\t\t<!--Title-->\n\t\t<h4>Faszientraining<\/h4>\n\t\t<!--\/.Title-->\t\n\t\t\t<!--Text-->\n\t\t\t<!--\/.Text-->\t\n\t\t\t<!--Link--> \n\t\t\t\t\t<!--\/.Link-->\n\t<!--\/.Card content-->\n\t\t\t\t<img loading=\"lazy\" decoding=\"async\" src=\"https:\/\/www.physiopilates-schaem.de\/wp-content\/uploads\/2025\/04\/flyer-pmr.png\" alt=\"Flyer zu Progressiver Muskelentspannung\" itemprop=\"image\" height=\"870\" width=\"638\" title=\"flyer pmr\" onerror=\"this.style.display='none'\"  \/>\n\t\t\t<a href=\"https:\/\/www.physiopilates-schaem.de\/?page_id=156\" target=\"_self\">\n\t\t\t\t\t\t\tAlle Leistungen\n\t\t\t<\/a>\n<h2>\n\t\tOnlinekurse f\u00fcr Vielbesch\u00e4ftigte\n\t<\/h2>\n\t<p>Sie k\u00f6nnen nicht Pers\u00f6nlich immer bei uns Erscheinen? Kein Problem! Wir bieten Onlinekurse, um ganz bequem von zu Hause aus seinem K\u00f6rper etwas Gutes zu tun.<\/p>\n<p><strong>Jetzt verbindlich buchen!<\/strong><\/p>\n\t\t\t<a href=\"https:\/\/www.physiopilates-schaem.de\/?page_id=231\" target=\"_self\">\n\t\t\t\t\t\t\tOnlinekurs buchen\n\t\t\t<\/a>\n\t\t\t\t<img decoding=\"async\" src=\"https:\/\/www.physiopilates-schaem.de\/wp-content\/uploads\/2022\/08\/jessica-060822-050-scaled.jpg\" alt=\"Jessica Sch\u00e4m\" itemprop=\"image\" title=\"jessica 060822-050\" onerror=\"this.style.display='none'\"  \/>\n<h2>\n\t\t\u00dcber mich\n\t<\/h2>\n\tSeit 30 Jahren widme ich mich mit Herz und<br \/>\nLeidenschaft der ganzheitlichen<br \/>\nPhysiotherapie. Die Kombination westlicher<br \/>\nund \u00f6stlicher Therapieverfahren begleitet<br \/>\nmich seit Berufsbeginn und f\u00fchrte mit den<br \/>\nJahren zur, physiotherapeutischen<br \/>\n\u201eNotfallsprechstunde&#8220;. Zwei weitere Herzst\u00fccke sind das klassische<br \/>\nPilates in Matte &amp; Ger\u00e4t, welches eine<br \/>\ngro\u00dfartige M\u00f6glichkeit bietet den Bogen zur<br \/>\nTherapie zu schlie\u00dfen und vor allem f\u00fcr den<br \/>\nErhalt der Gesundheit zu sorgen! Sowie die<br \/>\nspezielle, effiziente Kiefergelenktherapie<br \/>\nnach Cranioconzept der MHH.\nWeitere Meilensteine in den Jahren waren:<br \/>\nBobath, Shiatsu-Akupressur-Therapeutin, Sportphysiotherapeutin EAP,<br \/>\nFachwirtin SoGew, Pferdephysiotherapie,<br \/>\nKlassische Pilatestrainerin an<br \/>\nMatte &amp; Ger\u00e4t, \u201eThe Pilates Standard&#8220; durch<br \/>\nSandra K\u00e4fer\/Wien, CMD-Therapeutin, PMR-Ausbildung, Faszientraining und zuletzt:<br \/>\n2021 Herausgabe des Buches<br \/>\n\u201eBlumenmeditation&#8220;<br \/>\neine Kombination von Farb-\/ Atemtherapie mit PMR\n\t\t\t<a href=\"https:\/\/www.physiopilates-schaem.de\/?page_id=71\" target=\"_self\">\n\t\t\t\t\t\t\tMehr zum Team\n\t\t\t<\/a>\n\t\t\t\t<img decoding=\"async\" src=\"https:\/\/www.physiopilates-schaem.de\/wp-content\/uploads\/2022\/08\/Buch-1024x769.png\" alt=\"Face of Flowers\" itemprop=\"image\" title=\"Buch-1024x769\" onerror=\"this.style.display='none'\"  \/>\n\t\t\t\t\t\tFace of Flowers &#8211; ein Entspannungsbuch mit therapeutischem Ansatz.\n\t<p><strong>Bestellen Sie\u00a0 jetzt unter:<\/strong><\/p>\n<p><a href=\"tel:043219341460\">04321-9341460<\/a> oder unter\u00a0<a href=\"info@physiopilates-schaem.de\">info@physiopilates-schaem.de<\/a><\/p>\n<p>Verkauft wird per Abholung oder Versand<\/p>\n<p>Das Buch kostet 17,50\u20ac zzgl. Porto<\/p>\n<h2>\n\t\tHier finden Sie uns\n\t<\/h2>\n\t&#8218;>\n  \n      <iframe  height=\"450\"  src=\"https:\/\/www.openstreetmap.org\/export\/embed.html?bbox=10.005240440368654%2C54.06183429677598%2C10.008644163608553%2C54.06320699405835&amp;layer=mapnik&amp;marker=54.062520651088334%2C10.00694364309311\">>\n      <\/iframe>\n      \n<h3>\n\t\tWir freuen uns auf Sie!\n\t<\/h3>\n\t\t\t\t<a href=\"https:\/\/www.thepilatesstandard.eu\/en\/\"  target=\"_blank\" rel=\"noopener\"  itemprop=\"url\">\n\t\t\t\t<img decoding=\"async\" src=\"https:\/\/www.physiopilates-schaem.de\/wp-content\/uploads\/2022\/07\/thePilatesstandard.jpg\" alt=\"The Pilates Standard Certifikat\" itemprop=\"image\" title=\"ThePilatesStandard\" onerror=\"this.style.display='none'\"  \/>\n\t\t\t\t<\/a>\n\t\t\t\t<a href=\"https:\/\/pilates-verband.org\/\"  target=\"_blank\" rel=\"noopener\"  itemprop=\"url\">\n\t\t\t\t<img decoding=\"async\" src=\"https:\/\/www.physiopilates-schaem.de\/wp-content\/uploads\/2022\/07\/dpv_mitglied_gross.jpg\" alt=\"Deutscher Pilatesverband, Zertifikat\" itemprop=\"image\" title=\"dpv_mitglied_gross\" onerror=\"this.style.display='none'\"  \/>\n\t\t\t\t<\/a>\n\t\t\t\t<a href=\"https:\/\/ifk.de\/verband\/aktuell\"  target=\"_blank\" rel=\"noopener\"  itemprop=\"url\">\n\t\t\t\t<img decoding=\"async\" src=\"https:\/\/www.physiopilates-schaem.de\/wp-content\/uploads\/2022\/07\/WhatsApp-Image-2022-07-11-at-13.37.04.jpeg\" alt=\"IFK Mitgliedschaft\" itemprop=\"image\" title=\"IFK\" onerror=\"this.style.display='none'\"  \/>\n\t\t\t\t<\/a>\n<h4>\n\t\tBrauchen Sie noch n\u00e4here Informationen?\n\t<\/h4>\n\t<p>Rufen Sie uns unter 04321-9341460 oder unter 0178-1683081 an!<\/p>\n\t\t\t<a href=\"tel:043219341460\" target=\"_self\">\n\t\t\t\t\t\t\tJetzt Anrufen\n\t\t\t<\/a>\n\n","protected":false},"excerpt":{"rendered":"<p>Praxis f\u00fcr Physiotherapie &#038; Pilates Wir bringen Sie auf den Weg zu mehr Lebensqualit\u00e4t &#8211; ganzheitlich, individuell und mit Herz! Jetzt Anrufen Von Mensch zu Mensch Wir bieten ein breitgef\u00e4chertes Angebot, um deine Lebensqualit\u00e4t wiederherzustellen und instand zu halten! Dazu kombinieren wir Erkenntnisse westlicher und \u00f6stlicher Medizin mit einer klassischen Krafttrainingsmethode, dem klassischen Pilates. Dar\u00fcber [&hellip;]<\/p>\n","protected":false},"author":1,"featured_media":0,"parent":0,"menu_order":0,"comment_status":"closed","ping_status":"closed","template":"","meta":{"site-sidebar-layout":"no-sidebar","site-content-layout":"page-builder","ast-site-content-layout":"default","site-content-style":"default","site-sidebar-style":"default","ast-global-header-display":"","ast-banner-title-visibility":"","ast-main-header-display":"","ast-hfb-above-header-display":"","ast-hfb-below-header-display":"","ast-hfb-mobile-header-display":"","site-post-title":"disabled","ast-breadcrumbs-content":"","ast-featured-img":"disabled","footer-sml-layout":"","theme-transparent-header-meta":"","adv-header-id-meta":"","stick-header-meta":"","header-above-stick-meta":"","header-main-stick-meta":"","header-below-stick-meta":"","astra-migrate-meta-layouts":"default","ast-page-background-enabled":"default","ast-page-background-meta":{"desktop":{"background-color":"var(--ast-global-color-4)","background-image":"","background-repeat":"repeat","background-position":"center center","background-size":"auto","background-attachment":"scroll","background-type":"","background-media":"","overlay-type":"","overlay-color":"","overlay-opacity":"","overlay-gradient":""},"tablet":{"background-color":"","background-image":"","background-repeat":"repeat","background-position":"center center","background-size":"auto","background-attachment":"scroll","background-type":"","background-media":"","overlay-type":"","overlay-color":"","overlay-opacity":"","overlay-gradient":""},"mobile":{"background-color":"","background-image":"","background-repeat":"repeat","background-position":"center center","background-size":"auto","background-attachment":"scroll","background-type":"","background-media":"","overlay-type":"","overlay-color":"","overlay-opacity":"","overlay-gradient":""}},"ast-content-background-meta":{"desktop":{"background-color":"var(--ast-global-color-5)","background-image":"","background-repeat":"repeat","background-position":"center center","background-size":"auto","background-attachment":"scroll","background-type":"","background-media":"","overlay-type":"","overlay-color":"","overlay-opacity":"","overlay-gradient":""},"tablet":{"background-color":"var(--ast-global-color-5)","background-image":"","background-repeat":"repeat","background-position":"center center","background-size":"auto","background-attachment":"scroll","background-type":"","background-media":"","overlay-type":"","overlay-color":"","overlay-opacity":"","overlay-gradient":""},"mobile":{"background-color":"var(--ast-global-color-5)","background-image":"","background-repeat":"repeat","background-position":"center center","background-size":"auto","background-attachment":"scroll","background-type":"","background-media":"","overlay-type":"","overlay-color":"","overlay-opacity":"","overlay-gradient":""}},"footnotes":""},"class_list":["post-30","page","type-page","status-publish","hentry"],"yoast_head":"<!-- This site is optimized with the Yoast SEO plugin v25.6 - https:\/\/yoast.com\/wordpress\/plugins\/seo\/ -->\n<title>Praxis f\u00fcr Physiotherapie | Pilates - Ihr Partner in Neum\u00fcnster<\/title>\n<meta name=\"description\" content=\"Wir bringen Sie auf den Weg zu mehr Lebensqualit\u00e4t - ganzheitlich, individuell und mit Herz! - Kommen Sie vorbei in der Noldestra\u00dfe 5, 24539 Neum\u00fcnster\" \/>\n<meta name=\"robots\" content=\"index, follow, max-snippet:-1, max-image-preview:large, max-video-preview:-1\" \/>\n<link rel=\"canonical\" href=\"https:\/\/www.physiopilates-schaem.de\/\" \/>\n<meta property=\"og:locale\" content=\"de_DE\" \/>\n<meta property=\"og:type\" content=\"article\" \/>\n<meta property=\"og:title\" content=\"Praxis f\u00fcr Physiotherapie | Pilates - Ihr Partner in Neum\u00fcnster\" \/>\n<meta property=\"og:description\" content=\"Wir bringen Sie auf den Weg zu mehr Lebensqualit\u00e4t - ganzheitlich, individuell und mit Herz! - Kommen Sie vorbei in der Noldestra\u00dfe 5, 24539 Neum\u00fcnster\" \/>\n<meta property=\"og:url\" content=\"https:\/\/www.physiopilates-schaem.de\/\" \/>\n<meta property=\"og:site_name\" content=\"Praxis f\u00fcr Physiotherapie | Pilates\" \/>\n<meta property=\"article:modified_time\" content=\"2025-05-19T09:18:02+00:00\" \/>\n<meta property=\"og:image\" content=\"http:\/\/www.physiopilates-schaem.de\/wp-content\/uploads\/2022\/08\/imageedit_4_8635148498.jpg\" \/>\n<meta name=\"twitter:card\" content=\"summary_large_image\" \/>\n<meta name=\"twitter:label1\" content=\"Gesch\u00e4tzte Lesezeit\" \/>\n\t<meta name=\"twitter:data1\" content=\"4\u00a0Minuten\" \/>\n<script type=\"application\/ld+json\" class=\"yoast-schema-graph\">{\"@context\":\"https:\/\/schema.org\",\"@graph\":[{\"@type\":\"WebPage\",\"@id\":\"https:\/\/www.physiopilates-schaem.de\/\",\"url\":\"https:\/\/www.physiopilates-schaem.de\/\",\"name\":\"Praxis f\u00fcr Physiotherapie | Pilates - Ihr Partner in Neum\u00fcnster\",\"isPartOf\":{\"@id\":\"https:\/\/www.physiopilates-schaem.de\/#website\"},\"primaryImageOfPage\":{\"@id\":\"https:\/\/www.physiopilates-schaem.de\/#primaryimage\"},\"image\":{\"@id\":\"https:\/\/www.physiopilates-schaem.de\/#primaryimage\"},\"thumbnailUrl\":\"http:\/\/www.physiopilates-schaem.de\/wp-content\/uploads\/2022\/08\/imageedit_4_8635148498.jpg\",\"datePublished\":\"2022-07-02T14:45:32+00:00\",\"dateModified\":\"2025-05-19T09:18:02+00:00\",\"description\":\"Wir bringen Sie auf den Weg zu mehr Lebensqualit\u00e4t - ganzheitlich, individuell und mit Herz! - Kommen Sie vorbei in der Noldestra\u00dfe 5, 24539 Neum\u00fcnster\",\"breadcrumb\":{\"@id\":\"https:\/\/www.physiopilates-schaem.de\/#breadcrumb\"},\"inLanguage\":\"de\",\"potentialAction\":[{\"@type\":\"ReadAction\",\"target\":[\"https:\/\/www.physiopilates-schaem.de\/\"]}]},{\"@type\":\"ImageObject\",\"inLanguage\":\"de\",\"@id\":\"https:\/\/www.physiopilates-schaem.de\/#primaryimage\",\"url\":\"http:\/\/www.physiopilates-schaem.de\/wp-content\/uploads\/2022\/08\/imageedit_4_8635148498.jpg\",\"contentUrl\":\"http:\/\/www.physiopilates-schaem.de\/wp-content\/uploads\/2022\/08\/imageedit_4_8635148498.jpg\"},{\"@type\":\"BreadcrumbList\",\"@id\":\"https:\/\/www.physiopilates-schaem.de\/#breadcrumb\",\"itemListElement\":[{\"@type\":\"ListItem\",\"position\":1,\"name\":\"Startseite\",\"item\":\"https:\/\/www.physiopilates-schaem.de\/\"},{\"@type\":\"ListItem\",\"position\":2,\"name\":\"Home\"}]},{\"@type\":\"WebSite\",\"@id\":\"https:\/\/www.physiopilates-schaem.de\/#website\",\"url\":\"https:\/\/www.physiopilates-schaem.de\/\",\"name\":\"Praxis f\u00fcr Physiotherapie | Pilates\",\"description\":\"Wir sorgen f\u00fcr eine h\u00f6here Lebensqualit\u00e4t!\",\"publisher\":{\"@id\":\"https:\/\/www.physiopilates-schaem.de\/#\/schema\/person\/62f0d2a3ed7a448b61b43b1ea44f8475\"},\"potentialAction\":[{\"@type\":\"SearchAction\",\"target\":{\"@type\":\"EntryPoint\",\"urlTemplate\":\"https:\/\/www.physiopilates-schaem.de\/?s={search_term_string}\"},\"query-input\":{\"@type\":\"PropertyValueSpecification\",\"valueRequired\":true,\"valueName\":\"search_term_string\"}}],\"inLanguage\":\"de\"},{\"@type\":[\"Person\",\"Organization\"],\"@id\":\"https:\/\/www.physiopilates-schaem.de\/#\/schema\/person\/62f0d2a3ed7a448b61b43b1ea44f8475\",\"name\":\"Jessica Sch\u00e4m\",\"image\":{\"@type\":\"ImageObject\",\"inLanguage\":\"de\",\"@id\":\"https:\/\/www.physiopilates-schaem.de\/#\/schema\/person\/image\/\",\"url\":\"https:\/\/www.physiopilates-schaem.de\/wp-content\/uploads\/2022\/08\/jessica-060822-047-2-scaled.jpg\",\"contentUrl\":\"https:\/\/www.physiopilates-schaem.de\/wp-content\/uploads\/2022\/08\/jessica-060822-047-2-scaled.jpg\",\"width\":1922,\"height\":2560,\"caption\":\"Jessica Sch\u00e4m\"},\"logo\":{\"@id\":\"https:\/\/www.physiopilates-schaem.de\/#\/schema\/person\/image\/\"},\"sameAs\":[\"http:\/\/physiopilates-schaem.de\"]}]}<\/script>\n<!-- \/ Yoast SEO plugin. -->","yoast_head_json":{"title":"Praxis f\u00fcr Physiotherapie | Pilates - Ihr Partner in Neum\u00fcnster","description":"Wir bringen Sie auf den Weg zu mehr Lebensqualit\u00e4t - ganzheitlich, individuell und mit Herz! - Kommen Sie vorbei in der Noldestra\u00dfe 5, 24539 Neum\u00fcnster","robots":{"index":"index","follow":"follow","max-snippet":"max-snippet:-1","max-image-preview":"max-image-preview:large","max-video-preview":"max-video-preview:-1"},"canonical":"https:\/\/www.physiopilates-schaem.de\/","og_locale":"de_DE","og_type":"article","og_title":"Praxis f\u00fcr Physiotherapie | Pilates - Ihr Partner in Neum\u00fcnster","og_description":"Wir bringen Sie auf den Weg zu mehr Lebensqualit\u00e4t - ganzheitlich, individuell und mit Herz! - Kommen Sie vorbei in der Noldestra\u00dfe 5, 24539 Neum\u00fcnster","og_url":"https:\/\/www.physiopilates-schaem.de\/","og_site_name":"Praxis f\u00fcr Physiotherapie | Pilates","article_modified_time":"2025-05-19T09:18:02+00:00","og_image":[{"url":"http:\/\/www.physiopilates-schaem.de\/wp-content\/uploads\/2022\/08\/imageedit_4_8635148498.jpg","type":"","width":"","height":""}],"twitter_card":"summary_large_image","twitter_misc":{"Gesch\u00e4tzte Lesezeit":"4\u00a0Minuten"},"schema":{"@context":"https:\/\/schema.org","@graph":[{"@type":"WebPage","@id":"https:\/\/www.physiopilates-schaem.de\/","url":"https:\/\/www.physiopilates-schaem.de\/","name":"Praxis f\u00fcr Physiotherapie | Pilates - Ihr Partner in Neum\u00fcnster","isPartOf":{"@id":"https:\/\/www.physiopilates-schaem.de\/#website"},"primaryImageOfPage":{"@id":"https:\/\/www.physiopilates-schaem.de\/#primaryimage"},"image":{"@id":"https:\/\/www.physiopilates-schaem.de\/#primaryimage"},"thumbnailUrl":"http:\/\/www.physiopilates-schaem.de\/wp-content\/uploads\/2022\/08\/imageedit_4_8635148498.jpg","datePublished":"2022-07-02T14:45:32+00:00","dateModified":"2025-05-19T09:18:02+00:00","description":"Wir bringen Sie auf den Weg zu mehr Lebensqualit\u00e4t - ganzheitlich, individuell und mit Herz! - Kommen Sie vorbei in der Noldestra\u00dfe 5, 24539 Neum\u00fcnster","breadcrumb":{"@id":"https:\/\/www.physiopilates-schaem.de\/#breadcrumb"},"inLanguage":"de","potentialAction":[{"@type":"ReadAction","target":["https:\/\/www.physiopilates-schaem.de\/"]}]},{"@type":"ImageObject","inLanguage":"de","@id":"https:\/\/www.physiopilates-schaem.de\/#primaryimage","url":"http:\/\/www.physiopilates-schaem.de\/wp-content\/uploads\/2022\/08\/imageedit_4_8635148498.jpg","contentUrl":"http:\/\/www.physiopilates-schaem.de\/wp-content\/uploads\/2022\/08\/imageedit_4_8635148498.jpg"},{"@type":"BreadcrumbList","@id":"https:\/\/www.physiopilates-schaem.de\/#breadcrumb","itemListElement":[{"@type":"ListItem","position":1,"name":"Startseite","item":"https:\/\/www.physiopilates-schaem.de\/"},{"@type":"ListItem","position":2,"name":"Home"}]},{"@type":"WebSite","@id":"https:\/\/www.physiopilates-schaem.de\/#website","url":"https:\/\/www.physiopilates-schaem.de\/","name":"Praxis f\u00fcr Physiotherapie | Pilates","description":"Wir sorgen f\u00fcr eine h\u00f6here Lebensqualit\u00e4t!","publisher":{"@id":"https:\/\/www.physiopilates-schaem.de\/#\/schema\/person\/62f0d2a3ed7a448b61b43b1ea44f8475"},"potentialAction":[{"@type":"SearchAction","target":{"@type":"EntryPoint","urlTemplate":"https:\/\/www.physiopilates-schaem.de\/?s={search_term_string}"},"query-input":{"@type":"PropertyValueSpecification","valueRequired":true,"valueName":"search_term_string"}}],"inLanguage":"de"},{"@type":["Person","Organization"],"@id":"https:\/\/www.physiopilates-schaem.de\/#\/schema\/person\/62f0d2a3ed7a448b61b43b1ea44f8475","name":"Jessica Sch\u00e4m","image":{"@type":"ImageObject","inLanguage":"de","@id":"https:\/\/www.physiopilates-schaem.de\/#\/schema\/person\/image\/","url":"https:\/\/www.physiopilates-schaem.de\/wp-content\/uploads\/2022\/08\/jessica-060822-047-2-scaled.jpg","contentUrl":"https:\/\/www.physiopilates-schaem.de\/wp-content\/uploads\/2022\/08\/jessica-060822-047-2-scaled.jpg","width":1922,"height":2560,"caption":"Jessica Sch\u00e4m"},"logo":{"@id":"https:\/\/www.physiopilates-schaem.de\/#\/schema\/person\/image\/"},"sameAs":["http:\/\/physiopilates-schaem.de"]}]}},"_links":{"self":[{"href":"https:\/\/www.physiopilates-schaem.de\/index.php?rest_route=\/wp\/v2\/pages\/30","targetHints":{"allow":["GET"]}}],"collection":[{"href":"https:\/\/www.physiopilates-schaem.de\/index.php?rest_route=\/wp\/v2\/pages"}],"about":[{"href":"https:\/\/www.physiopilates-schaem.de\/index.php?rest_route=\/wp\/v2\/types\/page"}],"author":[{"embeddable":true,"href":"https:\/\/www.physiopilates-schaem.de\/index.php?rest_route=\/wp\/v2\/users\/1"}],"replies":[{"embeddable":true,"href":"https:\/\/www.physiopilates-schaem.de\/index.php?rest_route=%2Fwp%2Fv2%2Fcomments&post=30"}],"version-history":[{"count":57,"href":"https:\/\/www.physiopilates-schaem.de\/index.php?rest_route=\/wp\/v2\/pages\/30\/revisions"}],"predecessor-version":[{"id":646,"href":"https:\/\/www.physiopilates-schaem.de\/index.php?rest_route=\/wp\/v2\/pages\/30\/revisions\/646"}],"wp:attachment":[{"href":"https:\/\/www.physiopilates-schaem.de\/index.php?rest_route=%2Fwp%2Fv2%2Fmedia&parent=30"}],"curies":[{"name":"wp","href":"https:\/\/api.w.org\/{rel}","templated":true}]}}