{"id":75,"date":"2022-07-15T14:19:03","date_gmt":"2022-07-15T14:19:03","guid":{"rendered":"http:\/\/jessica.local\/?page_id=75"},"modified":"2024-05-28T14:35:10","modified_gmt":"2024-05-28T12:35:10","slug":"impressum","status":"publish","type":"page","link":"https:\/\/www.physiopilates-schaem.de\/?page_id=75","title":{"rendered":"Impressum"},"content":{"rendered":"\n\n\t<h1>Impressum<\/h1>\n<p>Angaben gem. \u00a7 5 DDG<\/p>\n<b>Betreiber und Kontakt:<\/b><br \/>\nJessica Sch\u00e4m\nNoldestr. 5<br \/>\n24539 Neum\u00fcnster\nTelefonnummer: 04321 &#8211; 93 41 460<br \/>\nFax: 04321 &#8211; 93 41 461<br \/>\nE-Mail-Adresse: info@physiopilates-schaem.de\n<b>Vertretung:<\/b><br \/>\nJessica Sch\u00e4m wird vertreten durch Jessica Sch\u00e4m\n<b>Berufsspezifische Angaben:<\/b><br \/>\nBerufsbezeichnung: Praxis f\u00fcr Pilates und Physiotherapie\n<b>Umsatzsteuer-ID:<\/b><br \/>\nDE278583500\n<b>Verantwortlicher f\u00fcr journalistisch-redaktionelle Inhalte gem. \u00a7 55 II RstV:<\/b><br \/>\nJessica Sch\u00e4m\n\n","protected":false},"excerpt":{"rendered":"<p>Impressum Angaben gem. \u00a7 5 DDG Betreiber und Kontakt: Jessica Sch\u00e4m Noldestr. 5 24539 Neum\u00fcnster Telefonnummer: 04321 &#8211; 93 41 460 Fax: 04321 &#8211; 93 41 461 E-Mail-Adresse: info@physiopilates-schaem.de Vertretung: Jessica Sch\u00e4m wird vertreten durch Jessica Sch\u00e4m Berufsspezifische Angaben: Berufsbezeichnung: Praxis f\u00fcr Pilates und Physiotherapie Umsatzsteuer-ID: DE278583500 Verantwortlicher f\u00fcr journalistisch-redaktionelle Inhalte gem. \u00a7 55 II [&hellip;]<\/p>\n","protected":false},"author":1,"featured_media":0,"parent":0,"menu_order":0,"comment_status":"closed","ping_status":"closed","template":"","meta":{"site-sidebar-layout":"no-sidebar","site-content-layout":"page-builder","ast-site-content-layout":"default","site-content-style":"default","site-sidebar-style":"default","ast-global-header-display":"","ast-banner-title-visibility":"","ast-main-header-display":"","ast-hfb-above-header-display":"","ast-hfb-below-header-display":"","ast-hfb-mobile-header-display":"","site-post-title":"disabled","ast-breadcrumbs-content":"","ast-featured-img":"disabled","footer-sml-layout":"","theme-transparent-header-meta":"","adv-header-id-meta":"","stick-header-meta":"","header-above-stick-meta":"","header-main-stick-meta":"","header-below-stick-meta":"","astra-migrate-meta-layouts":"default","ast-page-background-enabled":"default","ast-page-background-meta":{"desktop":{"background-color":"var(--ast-global-color-4)","background-image":"","background-repeat":"repeat","background-position":"center center","background-size":"auto","background-attachment":"scroll","background-type":"","background-media":"","overlay-type":"","overlay-color":"","overlay-opacity":"","overlay-gradient":""},"tablet":{"background-color":"","background-image":"","background-repeat":"repeat","background-position":"center center","background-size":"auto","background-attachment":"scroll","background-type":"","background-media":"","overlay-type":"","overlay-color":"","overlay-opacity":"","overlay-gradient":""},"mobile":{"background-color":"","background-image":"","background-repeat":"repeat","background-position":"center center","background-size":"auto","background-attachment":"scroll","background-type":"","background-media":"","overlay-type":"","overlay-color":"","overlay-opacity":"","overlay-gradient":""}},"ast-content-background-meta":{"desktop":{"background-color":"var(--ast-global-color-5)","background-image":"","background-repeat":"repeat","background-position":"center center","background-size":"auto","background-attachment":"scroll","background-type":"","background-media":"","overlay-type":"","overlay-color":"","overlay-opacity":"","overlay-gradient":""},"tablet":{"background-color":"var(--ast-global-color-5)","background-image":"","background-repeat":"repeat","background-position":"center center","background-size":"auto","background-attachment":"scroll","background-type":"","background-media":"","overlay-type":"","overlay-color":"","overlay-opacity":"","overlay-gradient":""},"mobile":{"background-color":"var(--ast-global-color-5)","background-image":"","background-repeat":"repeat","background-position":"center center","background-size":"auto","background-attachment":"scroll","background-type":"","background-media":"","overlay-type":"","overlay-color":"","overlay-opacity":"","overlay-gradient":""}},"footnotes":""},"class_list":["post-75","page","type-page","status-publish","hentry"],"yoast_head":"<!-- This site is optimized with the Yoast SEO plugin v25.6 - https:\/\/yoast.com\/wordpress\/plugins\/seo\/ -->\n<title>Impressum - Praxis f\u00fcr Physiotherapie | Pilates<\/title>\n<meta name=\"robots\" content=\"noindex, follow\" \/>\n<meta property=\"og:locale\" content=\"de_DE\" \/>\n<meta property=\"og:type\" content=\"article\" \/>\n<meta property=\"og:title\" content=\"Impressum - Praxis f\u00fcr Physiotherapie | Pilates\" \/>\n<meta property=\"og:description\" content=\"Impressum Angaben gem. \u00a7 5 DDG Betreiber und Kontakt: Jessica Sch\u00e4m Noldestr. 5 24539 Neum\u00fcnster Telefonnummer: 04321 &#8211; 93 41 460 Fax: 04321 &#8211; 93 41 461 E-Mail-Adresse: info@physiopilates-schaem.de Vertretung: Jessica Sch\u00e4m wird vertreten durch Jessica Sch\u00e4m Berufsspezifische Angaben: Berufsbezeichnung: Praxis f\u00fcr Pilates und Physiotherapie Umsatzsteuer-ID: DE278583500 Verantwortlicher f\u00fcr journalistisch-redaktionelle Inhalte gem. \u00a7 55 II [&hellip;]\" \/>\n<meta property=\"og:url\" content=\"https:\/\/www.physiopilates-schaem.de\/?page_id=75\" \/>\n<meta property=\"og:site_name\" content=\"Praxis f\u00fcr Physiotherapie | Pilates\" \/>\n<meta property=\"article:modified_time\" content=\"2024-05-28T12:35:10+00:00\" \/>\n<meta name=\"twitter:card\" content=\"summary_large_image\" \/>\n<script type=\"application\/ld+json\" class=\"yoast-schema-graph\">{\"@context\":\"https:\/\/schema.org\",\"@graph\":[{\"@type\":\"WebPage\",\"@id\":\"https:\/\/www.physiopilates-schaem.de\/?page_id=75\",\"url\":\"https:\/\/www.physiopilates-schaem.de\/?page_id=75\",\"name\":\"Impressum - Praxis f\u00fcr Physiotherapie | Pilates\",\"isPartOf\":{\"@id\":\"https:\/\/www.physiopilates-schaem.de\/#website\"},\"datePublished\":\"2022-07-15T14:19:03+00:00\",\"dateModified\":\"2024-05-28T12:35:10+00:00\",\"breadcrumb\":{\"@id\":\"https:\/\/www.physiopilates-schaem.de\/?page_id=75#breadcrumb\"},\"inLanguage\":\"de\",\"potentialAction\":[{\"@type\":\"ReadAction\",\"target\":[\"https:\/\/www.physiopilates-schaem.de\/?page_id=75\"]}]},{\"@type\":\"BreadcrumbList\",\"@id\":\"https:\/\/www.physiopilates-schaem.de\/?page_id=75#breadcrumb\",\"itemListElement\":[{\"@type\":\"ListItem\",\"position\":1,\"name\":\"Startseite\",\"item\":\"https:\/\/www.physiopilates-schaem.de\/\"},{\"@type\":\"ListItem\",\"position\":2,\"name\":\"Impressum\"}]},{\"@type\":\"WebSite\",\"@id\":\"https:\/\/www.physiopilates-schaem.de\/#website\",\"url\":\"https:\/\/www.physiopilates-schaem.de\/\",\"name\":\"Praxis f\u00fcr Physiotherapie | Pilates\",\"description\":\"Wir sorgen f\u00fcr eine h\u00f6here Lebensqualit\u00e4t!\",\"publisher\":{\"@id\":\"https:\/\/www.physiopilates-schaem.de\/#\/schema\/person\/62f0d2a3ed7a448b61b43b1ea44f8475\"},\"potentialAction\":[{\"@type\":\"SearchAction\",\"target\":{\"@type\":\"EntryPoint\",\"urlTemplate\":\"https:\/\/www.physiopilates-schaem.de\/?s={search_term_string}\"},\"query-input\":{\"@type\":\"PropertyValueSpecification\",\"valueRequired\":true,\"valueName\":\"search_term_string\"}}],\"inLanguage\":\"de\"},{\"@type\":[\"Person\",\"Organization\"],\"@id\":\"https:\/\/www.physiopilates-schaem.de\/#\/schema\/person\/62f0d2a3ed7a448b61b43b1ea44f8475\",\"name\":\"Jessica Sch\u00e4m\",\"image\":{\"@type\":\"ImageObject\",\"inLanguage\":\"de\",\"@id\":\"https:\/\/www.physiopilates-schaem.de\/#\/schema\/person\/image\/\",\"url\":\"https:\/\/www.physiopilates-schaem.de\/wp-content\/uploads\/2022\/08\/jessica-060822-047-2-scaled.jpg\",\"contentUrl\":\"https:\/\/www.physiopilates-schaem.de\/wp-content\/uploads\/2022\/08\/jessica-060822-047-2-scaled.jpg\",\"width\":1922,\"height\":2560,\"caption\":\"Jessica Sch\u00e4m\"},\"logo\":{\"@id\":\"https:\/\/www.physiopilates-schaem.de\/#\/schema\/person\/image\/\"},\"sameAs\":[\"http:\/\/physiopilates-schaem.de\"]}]}<\/script>\n<!-- \/ Yoast SEO plugin. -->","yoast_head_json":{"title":"Impressum - Praxis f\u00fcr Physiotherapie | Pilates","robots":{"index":"noindex","follow":"follow"},"og_locale":"de_DE","og_type":"article","og_title":"Impressum - Praxis f\u00fcr Physiotherapie | Pilates","og_description":"Impressum Angaben gem. \u00a7 5 DDG Betreiber und Kontakt: Jessica Sch\u00e4m Noldestr. 5 24539 Neum\u00fcnster Telefonnummer: 04321 &#8211; 93 41 460 Fax: 04321 &#8211; 93 41 461 E-Mail-Adresse: info@physiopilates-schaem.de Vertretung: Jessica Sch\u00e4m wird vertreten durch Jessica Sch\u00e4m Berufsspezifische Angaben: Berufsbezeichnung: Praxis f\u00fcr Pilates und Physiotherapie Umsatzsteuer-ID: DE278583500 Verantwortlicher f\u00fcr journalistisch-redaktionelle Inhalte gem. \u00a7 55 II [&hellip;]","og_url":"https:\/\/www.physiopilates-schaem.de\/?page_id=75","og_site_name":"Praxis f\u00fcr Physiotherapie | Pilates","article_modified_time":"2024-05-28T12:35:10+00:00","twitter_card":"summary_large_image","schema":{"@context":"https:\/\/schema.org","@graph":[{"@type":"WebPage","@id":"https:\/\/www.physiopilates-schaem.de\/?page_id=75","url":"https:\/\/www.physiopilates-schaem.de\/?page_id=75","name":"Impressum - Praxis f\u00fcr Physiotherapie | Pilates","isPartOf":{"@id":"https:\/\/www.physiopilates-schaem.de\/#website"},"datePublished":"2022-07-15T14:19:03+00:00","dateModified":"2024-05-28T12:35:10+00:00","breadcrumb":{"@id":"https:\/\/www.physiopilates-schaem.de\/?page_id=75#breadcrumb"},"inLanguage":"de","potentialAction":[{"@type":"ReadAction","target":["https:\/\/www.physiopilates-schaem.de\/?page_id=75"]}]},{"@type":"BreadcrumbList","@id":"https:\/\/www.physiopilates-schaem.de\/?page_id=75#breadcrumb","itemListElement":[{"@type":"ListItem","position":1,"name":"Startseite","item":"https:\/\/www.physiopilates-schaem.de\/"},{"@type":"ListItem","position":2,"name":"Impressum"}]},{"@type":"WebSite","@id":"https:\/\/www.physiopilates-schaem.de\/#website","url":"https:\/\/www.physiopilates-schaem.de\/","name":"Praxis f\u00fcr Physiotherapie | Pilates","description":"Wir sorgen f\u00fcr eine h\u00f6here Lebensqualit\u00e4t!","publisher":{"@id":"https:\/\/www.physiopilates-schaem.de\/#\/schema\/person\/62f0d2a3ed7a448b61b43b1ea44f8475"},"potentialAction":[{"@type":"SearchAction","target":{"@type":"EntryPoint","urlTemplate":"https:\/\/www.physiopilates-schaem.de\/?s={search_term_string}"},"query-input":{"@type":"PropertyValueSpecification","valueRequired":true,"valueName":"search_term_string"}}],"inLanguage":"de"},{"@type":["Person","Organization"],"@id":"https:\/\/www.physiopilates-schaem.de\/#\/schema\/person\/62f0d2a3ed7a448b61b43b1ea44f8475","name":"Jessica Sch\u00e4m","image":{"@type":"ImageObject","inLanguage":"de","@id":"https:\/\/www.physiopilates-schaem.de\/#\/schema\/person\/image\/","url":"https:\/\/www.physiopilates-schaem.de\/wp-content\/uploads\/2022\/08\/jessica-060822-047-2-scaled.jpg","contentUrl":"https:\/\/www.physiopilates-schaem.de\/wp-content\/uploads\/2022\/08\/jessica-060822-047-2-scaled.jpg","width":1922,"height":2560,"caption":"Jessica Sch\u00e4m"},"logo":{"@id":"https:\/\/www.physiopilates-schaem.de\/#\/schema\/person\/image\/"},"sameAs":["http:\/\/physiopilates-schaem.de"]}]}},"_links":{"self":[{"href":"https:\/\/www.physiopilates-schaem.de\/index.php?rest_route=\/wp\/v2\/pages\/75","targetHints":{"allow":["GET"]}}],"collection":[{"href":"https:\/\/www.physiopilates-schaem.de\/index.php?rest_route=\/wp\/v2\/pages"}],"about":[{"href":"https:\/\/www.physiopilates-schaem.de\/index.php?rest_route=\/wp\/v2\/types\/page"}],"author":[{"embeddable":true,"href":"https:\/\/www.physiopilates-schaem.de\/index.php?rest_route=\/wp\/v2\/users\/1"}],"replies":[{"embeddable":true,"href":"https:\/\/www.physiopilates-schaem.de\/index.php?rest_route=%2Fwp%2Fv2%2Fcomments&post=75"}],"version-history":[{"count":5,"href":"https:\/\/www.physiopilates-schaem.de\/index.php?rest_route=\/wp\/v2\/pages\/75\/revisions"}],"predecessor-version":[{"id":604,"href":"https:\/\/www.physiopilates-schaem.de\/index.php?rest_route=\/wp\/v2\/pages\/75\/revisions\/604"}],"wp:attachment":[{"href":"https:\/\/www.physiopilates-schaem.de\/index.php?rest_route=%2Fwp%2Fv2%2Fmedia&parent=75"}],"curies":[{"name":"wp","href":"https:\/\/api.w.org\/{rel}","templated":true}]}}